{"id":4854,"date":"2024-09-24T18:17:50","date_gmt":"2024-09-24T16:17:50","guid":{"rendered":"http:\/\/womensportsfestival.es\/privacy-policy\/"},"modified":"2024-10-01T07:30:24","modified_gmt":"2024-10-01T05:30:24","slug":"privacy-policy","status":"publish","type":"page","link":"https:\/\/womensportsfestival.es\/en\/privacy-policy\/","title":{"rendered":"Privacy Policy"},"content":{"rendered":"\t\t<div data-elementor-type=\"wp-page\" data-elementor-id=\"4854\" class=\"elementor elementor-4854 elementor-4210\" data-elementor-post-type=\"page\">\n\t\t\t\t\t\t<section class=\"elementor-section elementor-top-section elementor-element elementor-element-32e03fd4 elementor-section-boxed elementor-section-height-default elementor-section-height-default\" data-id=\"32e03fd4\" data-element_type=\"section\">\n\t\t\t\t\t\t<div class=\"elementor-container elementor-column-gap-default\">\n\t\t\t\t\t<div class=\"elementor-column elementor-col-100 elementor-top-column elementor-element elementor-element-53a9e70b\" data-id=\"53a9e70b\" data-element_type=\"column\">\n\t\t\t<div class=\"elementor-widget-wrap elementor-element-populated\">\n\t\t\t\t\t\t<div class=\"elementor-element elementor-element-1994397f elementor-widget elementor-widget-text-editor\" data-id=\"1994397f\" data-element_type=\"widget\" data-widget_type=\"text-editor.default\">\n\t\t\t\t<div class=\"elementor-widget-container\">\n\t\t\t\t\t\t\t\t\t<h3><strong>Information on Data Protection and Consent<\/strong><\/h3><p>In accordance with the provisions of Regulation (EU) 2016\/679 of the European Parliament and of the Council, of April 27, 2016, relating to the protection of natural persons with regard to the processing of personal data and the free movement of this data (RGPD), we inform you that the personal data provided in this form will be included in a file responsible for Montse Puig.<br \/>Your data will be processed in order to manage your query, send requested information, etc. , and will be kept for the time necessary to fulfill the purpose for which they were collected or for the time required by applicable legislation.<br \/>Your data will not be transferred to third parties, except by legal obligation or with your prior consent.<br \/>At any time you can exercise the rights of access, rectification, deletion, limitation of treatment, portability and opposition, by sending a request by email to hola@womensportsfestival.es. If you consider that your right to data protection has been violated, you can file a claim with the Spanish Data Protection Agency ( <a href=\"http:\/\/www.aepd.es\">www.aepd.es<\/a> ).<\/p><p>By checking the box below, you give your explicit consent to the processing of your personal data in accordance with the above information.<\/p><p><strong style=\"color: var(--wp--preset--color--contrast); font-family: var(--wp--preset--font-family--heading); font-size: var(--wp--preset--font-size--large); background-color: var(--wp--preset--color--base);\">Exemption from liability for accidents or injuries<\/strong><\/p><p>The organizing body, <strong>Womens Sports Festival<\/strong> , informs that participation in the sporting activities of the event is completely voluntary and under the responsibility of each participant. Although the organization will ensure the safety and proper development of the activities, <strong>it is not responsible for any accidents or injuries<\/strong> that may occur during sports practice or any other activity related to the event.<\/p><p>We recommend that all participants take the necessary safety measures and, if applicable, have medical or sports accident insurance to cover any possible contingencies.<\/p>\t\t\t\t\t\t\t\t<\/div>\n\t\t\t\t<\/div>\n\t\t\t\t\t<\/div>\n\t\t<\/div>\n\t\t\t\t\t<\/div>\n\t\t<\/section>\n\t\t\t\t<\/div>\n\t\t","protected":false},"excerpt":{"rendered":"<p>Information on Data Protection and Consent In accordance with the provisions of Regulation (EU) 2016\/679 of the European Parliament and of the Council, of April 27, 2016, relating to the protection of natural persons with regard to the processing of personal data and the free movement of this data (RGPD), we inform you that the &hellip; <a href=\"https:\/\/womensportsfestival.es\/en\/privacy-policy\/\" class=\"more-link\">Continue reading <span class=\"screen-reader-text\">Privacy Policy<\/span> <span class=\"meta-nav\">&rarr;<\/span><\/a><\/p>\n","protected":false},"author":1,"featured_media":0,"parent":0,"menu_order":0,"comment_status":"closed","ping_status":"closed","template":"elementor_canvas","meta":{"footnotes":""},"class_list":["post-4854","page","type-page","status-publish","hentry"],"yoast_head":"<!-- This site is optimized with the Yoast SEO plugin v25.8 - https:\/\/yoast.com\/wordpress\/plugins\/seo\/ -->\n<title>Privacy Policy - Womens Sports Festival<\/title>\n<meta name=\"robots\" content=\"index, follow, max-snippet:-1, max-image-preview:large, max-video-preview:-1\" \/>\n<link rel=\"canonical\" href=\"https:\/\/womensportsfestival.es\/en\/privacy-policy\/\" \/>\n<meta property=\"og:locale\" content=\"en_US\" \/>\n<meta property=\"og:type\" content=\"article\" \/>\n<meta property=\"og:title\" content=\"Privacy Policy - Womens Sports Festival\" \/>\n<meta property=\"og:description\" content=\"Information on Data Protection and Consent In accordance with the provisions of Regulation (EU) 2016\/679 of the European Parliament and of the Council, of April 27, 2016, relating to the protection of natural persons with regard to the processing of personal data and the free movement of this data (RGPD), we inform you that the &hellip; Continue reading Privacy Policy &rarr;\" \/>\n<meta property=\"og:url\" content=\"https:\/\/womensportsfestival.es\/en\/privacy-policy\/\" \/>\n<meta property=\"og:site_name\" content=\"Womens Sports Festival\" \/>\n<meta property=\"article:modified_time\" content=\"2024-10-01T05:30:24+00:00\" \/>\n<meta name=\"twitter:card\" content=\"summary_large_image\" \/>\n<meta name=\"twitter:label1\" content=\"Est. reading time\" \/>\n\t<meta name=\"twitter:data1\" content=\"1 minute\" \/>\n<script type=\"application\/ld+json\" class=\"yoast-schema-graph\">{\"@context\":\"https:\/\/schema.org\",\"@graph\":[{\"@type\":\"WebPage\",\"@id\":\"https:\/\/womensportsfestival.es\/en\/privacy-policy\/\",\"url\":\"https:\/\/womensportsfestival.es\/en\/privacy-policy\/\",\"name\":\"Privacy Policy - Womens Sports Festival\",\"isPartOf\":{\"@id\":\"https:\/\/womensportsfestival.es\/#website\"},\"datePublished\":\"2024-09-24T16:17:50+00:00\",\"dateModified\":\"2024-10-01T05:30:24+00:00\",\"breadcrumb\":{\"@id\":\"https:\/\/womensportsfestival.es\/en\/privacy-policy\/#breadcrumb\"},\"inLanguage\":\"en-US\",\"potentialAction\":[{\"@type\":\"ReadAction\",\"target\":[\"https:\/\/womensportsfestival.es\/en\/privacy-policy\/\"]}]},{\"@type\":\"BreadcrumbList\",\"@id\":\"https:\/\/womensportsfestival.es\/en\/privacy-policy\/#breadcrumb\",\"itemListElement\":[{\"@type\":\"ListItem\",\"position\":1,\"name\":\"Inici\",\"item\":\"https:\/\/womensportsfestival.es\/en\/\"},{\"@type\":\"ListItem\",\"position\":2,\"name\":\"Privacy Policy\"}]},{\"@type\":\"WebSite\",\"@id\":\"https:\/\/womensportsfestival.es\/#website\",\"url\":\"https:\/\/womensportsfestival.es\/\",\"name\":\"Women's Sports Festival\",\"description\":\"Futbol 7, p\u00e0del i b\u00e0squet en femen\u00ed. Esdeveniment esportiu per a dones.\",\"publisher\":{\"@id\":\"https:\/\/womensportsfestival.es\/#organization\"},\"potentialAction\":[{\"@type\":\"SearchAction\",\"target\":{\"@type\":\"EntryPoint\",\"urlTemplate\":\"https:\/\/womensportsfestival.es\/?s={search_term_string}\"},\"query-input\":{\"@type\":\"PropertyValueSpecification\",\"valueRequired\":true,\"valueName\":\"search_term_string\"}}],\"inLanguage\":\"en-US\"},{\"@type\":\"Organization\",\"@id\":\"https:\/\/womensportsfestival.es\/#organization\",\"name\":\"Women's Sports Festival\",\"url\":\"https:\/\/womensportsfestival.es\/\",\"logo\":{\"@type\":\"ImageObject\",\"inLanguage\":\"en-US\",\"@id\":\"https:\/\/womensportsfestival.es\/#\/schema\/logo\/image\/\",\"url\":\"http:\/\/womensportsfestival.es\/wp-content\/uploads\/2024\/09\/cropped-womens-sports-5.png\",\"contentUrl\":\"http:\/\/womensportsfestival.es\/wp-content\/uploads\/2024\/09\/cropped-womens-sports-5.png\",\"width\":512,\"height\":512,\"caption\":\"Women's Sports Festival\"},\"image\":{\"@id\":\"https:\/\/womensportsfestival.es\/#\/schema\/logo\/image\/\"},\"sameAs\":[\"https:\/\/www.instagram.com\/women_sports_festival\/\"]}]}<\/script>\n<!-- \/ Yoast SEO plugin. -->","yoast_head_json":{"title":"Privacy Policy - Womens Sports Festival","robots":{"index":"index","follow":"follow","max-snippet":"max-snippet:-1","max-image-preview":"max-image-preview:large","max-video-preview":"max-video-preview:-1"},"canonical":"https:\/\/womensportsfestival.es\/en\/privacy-policy\/","og_locale":"en_US","og_type":"article","og_title":"Privacy Policy - Womens Sports Festival","og_description":"Information on Data Protection and Consent In accordance with the provisions of Regulation (EU) 2016\/679 of the European Parliament and of the Council, of April 27, 2016, relating to the protection of natural persons with regard to the processing of personal data and the free movement of this data (RGPD), we inform you that the &hellip; Continue reading Privacy Policy &rarr;","og_url":"https:\/\/womensportsfestival.es\/en\/privacy-policy\/","og_site_name":"Womens Sports Festival","article_modified_time":"2024-10-01T05:30:24+00:00","twitter_card":"summary_large_image","twitter_misc":{"Est. reading time":"1 minute"},"schema":{"@context":"https:\/\/schema.org","@graph":[{"@type":"WebPage","@id":"https:\/\/womensportsfestival.es\/en\/privacy-policy\/","url":"https:\/\/womensportsfestival.es\/en\/privacy-policy\/","name":"Privacy Policy - Womens Sports Festival","isPartOf":{"@id":"https:\/\/womensportsfestival.es\/#website"},"datePublished":"2024-09-24T16:17:50+00:00","dateModified":"2024-10-01T05:30:24+00:00","breadcrumb":{"@id":"https:\/\/womensportsfestival.es\/en\/privacy-policy\/#breadcrumb"},"inLanguage":"en-US","potentialAction":[{"@type":"ReadAction","target":["https:\/\/womensportsfestival.es\/en\/privacy-policy\/"]}]},{"@type":"BreadcrumbList","@id":"https:\/\/womensportsfestival.es\/en\/privacy-policy\/#breadcrumb","itemListElement":[{"@type":"ListItem","position":1,"name":"Inici","item":"https:\/\/womensportsfestival.es\/en\/"},{"@type":"ListItem","position":2,"name":"Privacy Policy"}]},{"@type":"WebSite","@id":"https:\/\/womensportsfestival.es\/#website","url":"https:\/\/womensportsfestival.es\/","name":"Women's Sports Festival","description":"Futbol 7, p\u00e0del i b\u00e0squet en femen\u00ed. Esdeveniment esportiu per a dones.","publisher":{"@id":"https:\/\/womensportsfestival.es\/#organization"},"potentialAction":[{"@type":"SearchAction","target":{"@type":"EntryPoint","urlTemplate":"https:\/\/womensportsfestival.es\/?s={search_term_string}"},"query-input":{"@type":"PropertyValueSpecification","valueRequired":true,"valueName":"search_term_string"}}],"inLanguage":"en-US"},{"@type":"Organization","@id":"https:\/\/womensportsfestival.es\/#organization","name":"Women's Sports Festival","url":"https:\/\/womensportsfestival.es\/","logo":{"@type":"ImageObject","inLanguage":"en-US","@id":"https:\/\/womensportsfestival.es\/#\/schema\/logo\/image\/","url":"http:\/\/womensportsfestival.es\/wp-content\/uploads\/2024\/09\/cropped-womens-sports-5.png","contentUrl":"http:\/\/womensportsfestival.es\/wp-content\/uploads\/2024\/09\/cropped-womens-sports-5.png","width":512,"height":512,"caption":"Women's Sports Festival"},"image":{"@id":"https:\/\/womensportsfestival.es\/#\/schema\/logo\/image\/"},"sameAs":["https:\/\/www.instagram.com\/women_sports_festival\/"]}]}},"_links":{"self":[{"href":"https:\/\/womensportsfestival.es\/en\/wp-json\/wp\/v2\/pages\/4854","targetHints":{"allow":["GET"]}}],"collection":[{"href":"https:\/\/womensportsfestival.es\/en\/wp-json\/wp\/v2\/pages"}],"about":[{"href":"https:\/\/womensportsfestival.es\/en\/wp-json\/wp\/v2\/types\/page"}],"author":[{"embeddable":true,"href":"https:\/\/womensportsfestival.es\/en\/wp-json\/wp\/v2\/users\/1"}],"replies":[{"embeddable":true,"href":"https:\/\/womensportsfestival.es\/en\/wp-json\/wp\/v2\/comments?post=4854"}],"version-history":[{"count":19,"href":"https:\/\/womensportsfestival.es\/en\/wp-json\/wp\/v2\/pages\/4854\/revisions"}],"predecessor-version":[{"id":6002,"href":"https:\/\/womensportsfestival.es\/en\/wp-json\/wp\/v2\/pages\/4854\/revisions\/6002"}],"wp:attachment":[{"href":"https:\/\/womensportsfestival.es\/en\/wp-json\/wp\/v2\/media?parent=4854"}],"curies":[{"name":"wp","href":"https:\/\/api.w.org\/{rel}","templated":true}]}}