{"id":5961,"date":"2024-09-24T18:17:50","date_gmt":"2024-09-24T16:17:50","guid":{"rendered":"http:\/\/womensportsfestival.es\/politica-de-privacidad\/"},"modified":"2024-10-01T07:13:57","modified_gmt":"2024-10-01T05:13:57","slug":"politica-de-privacidad","status":"publish","type":"page","link":"https:\/\/womensportsfestival.es\/es\/politica-de-privacidad\/","title":{"rendered":"Pol\u00edtica de privacidad"},"content":{"rendered":"\t\t<div data-elementor-type=\"wp-page\" data-elementor-id=\"5961\" class=\"elementor elementor-5961 elementor-4210\" data-elementor-post-type=\"page\">\n\t\t\t\t\t\t<section class=\"elementor-section elementor-top-section elementor-element elementor-element-32e03fd4 elementor-section-boxed elementor-section-height-default elementor-section-height-default\" data-id=\"32e03fd4\" data-element_type=\"section\">\n\t\t\t\t\t\t<div class=\"elementor-container elementor-column-gap-default\">\n\t\t\t\t\t<div class=\"elementor-column elementor-col-100 elementor-top-column elementor-element elementor-element-53a9e70b\" data-id=\"53a9e70b\" data-element_type=\"column\">\n\t\t\t<div class=\"elementor-widget-wrap elementor-element-populated\">\n\t\t\t\t\t\t<div class=\"elementor-element elementor-element-1994397f elementor-widget elementor-widget-text-editor\" data-id=\"1994397f\" data-element_type=\"widget\" data-widget_type=\"text-editor.default\">\n\t\t\t\t<div class=\"elementor-widget-container\">\n\t\t\t\t\t\t\t\t\t<p><\/p>\n<h3><strong>Informaci\u00f3n sobre la Protecci\u00f3n de Datos y Consentimiento<\/strong><\/h3>\n<p><\/p>\n<p>De acuerdo con lo dispuesto en el Reglamento (UE) 2016\/679 del Parlamento Europeo y del Consejo, de 27 de abril de 2016, relativo a la protecci\u00f3n de las personas f\u00edsicas en cuanto al tratamiento de datos personales y la libre circulaci\u00f3n de estos datos (RGPD), le informamos que los datos personales facilitados en este formulario ser\u00e1n incluidos en un fichero responsabilidad de Montse Puig.<\/p>\n<p><\/p>\n<p>Les vostres dades seran tractades amb la finalitat de gestionar la vostra consulta, enviar informaci\u00f3 sol\u00b7licitada, etc<strong>.<\/strong>, i es conservaran durant el temps necessari per complir amb la finalitat per a la qual s&#8217;han recollit o durant el temps exigit per la legislaci\u00f3 aplicable.<\/p>\n<p><\/p>\n<p>Sus datos no ser\u00e1n cedidos a terceros, salvo obligaci\u00f3n legal o con su consentimiento previo.<\/p>\n<p><\/p>\n<p>En cualquier momento podr\u00e1 ejercer los derechos de acceso, rectificaci\u00f3n, supresi\u00f3n, limitaci\u00f3n del tratamiento, portabilidad y oposici\u00f3n, enviando una solicitud por correo electr\u00f3nico a hola@womensportsfestival.es. Si considereu que s&#8217;ha vulnerat el vostre dret a la protecci\u00f3 de dades, podeu presentar una reclamaci\u00f3 davant l&#8217;Ag\u00e8ncia Espanyola de Protecci\u00f3 de Dades (<a href=\"http:\/\/www.aepd.es\">www.aepd.es<\/a>).<\/p>\n<p><\/p>\n<p>Al marcar la casilla a continuaci\u00f3n, d\u00e9 su consentimiento expl\u00edcito para el tratamiento de sus datos personales de acuerdo con la informaci\u00f3n anterior.<\/p>\n<p><\/p>\n<p><strong style=\"color: var(--wp--preset--color--contrast); font-family: var(--wp--preset--font-family--heading); font-size: var(--wp--preset--font-size--large); background-color: var(--wp--preset--color--base);\">Exenci\u00f3n de responsabilidad por accidentes o lesiones<\/strong><br><\/p>\n<p>L&#8217;entitat organitzadora, <strong>Womens Sports Festival<\/strong>, informa que la participaci\u00f3 en les activitats esportives de l&#8217;esdeveniment es realitza de manera totalment volunt\u00e0ria i sota la responsabilitat de cada participant. Tot i que l&#8217;organitzaci\u00f3 vetllar\u00e0 per garantir la seguretat i el correcte desenvolupament de les activitats, <strong>no es fa responsable de cap accident o lesi\u00f3<\/strong> que pugui oc\u00f3rrer durant la pr\u00e0ctica esportiva o qualsevol altra activitat relacionada amb l&#8217;esdeveniment. <\/p>\n<p>Recomendamos que todos los participantes tomen las medidas de seguridad necesarias y, en su caso, dispongan de un seguro m\u00e9dico o de accidentes deportivos que cubra cualquier posible contingencia.<\/p>\n<p><\/p>\t\t\t\t\t\t\t\t<\/div>\n\t\t\t\t<\/div>\n\t\t\t\t\t<\/div>\n\t\t<\/div>\n\t\t\t\t\t<\/div>\n\t\t<\/section>\n\t\t\t\t<\/div>\n\t\t","protected":false},"excerpt":{"rendered":"<p>Informaci\u00f3n sobre la Protecci\u00f3n de Datos y Consentimiento De acuerdo con lo dispuesto en el Reglamento (UE) 2016\/679 del Parlamento Europeo y del Consejo, de 27 de abril de 2016, relativo a la protecci\u00f3n de las personas f\u00edsicas en cuanto al tratamiento de datos personales y la libre circulaci\u00f3n de estos datos (RGPD), le informamos &hellip; <a href=\"https:\/\/womensportsfestival.es\/es\/politica-de-privacidad\/\" class=\"more-link\">Seguir leyendo <span class=\"screen-reader-text\">Pol\u00edtica de privacidad<\/span> <span class=\"meta-nav\">&rarr;<\/span><\/a><\/p>\n","protected":false},"author":1,"featured_media":0,"parent":0,"menu_order":0,"comment_status":"closed","ping_status":"closed","template":"elementor_canvas","meta":{"footnotes":""},"class_list":["post-5961","page","type-page","status-publish","hentry"],"yoast_head":"<!-- This site is optimized with the Yoast SEO plugin v25.8 - https:\/\/yoast.com\/wordpress\/plugins\/seo\/ -->\n<title>Pol\u00edtica de privacidad - Womens Sports Festival<\/title>\n<meta name=\"robots\" content=\"index, follow, max-snippet:-1, max-image-preview:large, max-video-preview:-1\" \/>\n<link rel=\"canonical\" href=\"https:\/\/womensportsfestival.es\/es\/politica-de-privacidad\/\" \/>\n<meta property=\"og:locale\" content=\"es_ES\" \/>\n<meta property=\"og:type\" content=\"article\" \/>\n<meta property=\"og:title\" content=\"Pol\u00edtica de privacidad - Womens Sports Festival\" \/>\n<meta property=\"og:description\" content=\"Informaci\u00f3n sobre la Protecci\u00f3n de Datos y Consentimiento De acuerdo con lo dispuesto en el Reglamento (UE) 2016\/679 del Parlamento Europeo y del Consejo, de 27 de abril de 2016, relativo a la protecci\u00f3n de las personas f\u00edsicas en cuanto al tratamiento de datos personales y la libre circulaci\u00f3n de estos datos (RGPD), le informamos &hellip; Seguir leyendo Pol\u00edtica de privacidad &rarr;\" \/>\n<meta property=\"og:url\" content=\"https:\/\/womensportsfestival.es\/es\/politica-de-privacidad\/\" \/>\n<meta property=\"og:site_name\" content=\"Womens Sports Festival\" \/>\n<meta property=\"article:modified_time\" content=\"2024-10-01T05:13:57+00:00\" \/>\n<meta name=\"twitter:card\" content=\"summary_large_image\" \/>\n<meta name=\"twitter:label1\" content=\"Tiempo de lectura\" \/>\n\t<meta name=\"twitter:data1\" content=\"2 minutos\" \/>\n<script type=\"application\/ld+json\" class=\"yoast-schema-graph\">{\"@context\":\"https:\/\/schema.org\",\"@graph\":[{\"@type\":\"WebPage\",\"@id\":\"https:\/\/womensportsfestival.es\/es\/politica-de-privacidad\/\",\"url\":\"https:\/\/womensportsfestival.es\/es\/politica-de-privacidad\/\",\"name\":\"Pol\u00edtica de privacidad - Womens Sports Festival\",\"isPartOf\":{\"@id\":\"https:\/\/womensportsfestival.es\/#website\"},\"datePublished\":\"2024-09-24T16:17:50+00:00\",\"dateModified\":\"2024-10-01T05:13:57+00:00\",\"breadcrumb\":{\"@id\":\"https:\/\/womensportsfestival.es\/es\/politica-de-privacidad\/#breadcrumb\"},\"inLanguage\":\"es\",\"potentialAction\":[{\"@type\":\"ReadAction\",\"target\":[\"https:\/\/womensportsfestival.es\/es\/politica-de-privacidad\/\"]}]},{\"@type\":\"BreadcrumbList\",\"@id\":\"https:\/\/womensportsfestival.es\/es\/politica-de-privacidad\/#breadcrumb\",\"itemListElement\":[{\"@type\":\"ListItem\",\"position\":1,\"name\":\"Inici\",\"item\":\"https:\/\/womensportsfestival.es\/\"},{\"@type\":\"ListItem\",\"position\":2,\"name\":\"Pol\u00edtica de privacidad\"}]},{\"@type\":\"WebSite\",\"@id\":\"https:\/\/womensportsfestival.es\/#website\",\"url\":\"https:\/\/womensportsfestival.es\/\",\"name\":\"Women's Sports Festival\",\"description\":\"Futbol 7, p\u00e0del i b\u00e0squet en femen\u00ed. Esdeveniment esportiu per a dones.\",\"publisher\":{\"@id\":\"https:\/\/womensportsfestival.es\/#organization\"},\"potentialAction\":[{\"@type\":\"SearchAction\",\"target\":{\"@type\":\"EntryPoint\",\"urlTemplate\":\"https:\/\/womensportsfestival.es\/?s={search_term_string}\"},\"query-input\":{\"@type\":\"PropertyValueSpecification\",\"valueRequired\":true,\"valueName\":\"search_term_string\"}}],\"inLanguage\":\"es\"},{\"@type\":\"Organization\",\"@id\":\"https:\/\/womensportsfestival.es\/#organization\",\"name\":\"Women's Sports Festival\",\"url\":\"https:\/\/womensportsfestival.es\/\",\"logo\":{\"@type\":\"ImageObject\",\"inLanguage\":\"es\",\"@id\":\"https:\/\/womensportsfestival.es\/#\/schema\/logo\/image\/\",\"url\":\"http:\/\/womensportsfestival.es\/wp-content\/uploads\/2024\/09\/cropped-womens-sports-5.png\",\"contentUrl\":\"http:\/\/womensportsfestival.es\/wp-content\/uploads\/2024\/09\/cropped-womens-sports-5.png\",\"width\":512,\"height\":512,\"caption\":\"Women's Sports Festival\"},\"image\":{\"@id\":\"https:\/\/womensportsfestival.es\/#\/schema\/logo\/image\/\"},\"sameAs\":[\"https:\/\/www.instagram.com\/women_sports_festival\/\"]}]}<\/script>\n<!-- \/ Yoast SEO plugin. -->","yoast_head_json":{"title":"Pol\u00edtica de privacidad - Womens Sports Festival","robots":{"index":"index","follow":"follow","max-snippet":"max-snippet:-1","max-image-preview":"max-image-preview:large","max-video-preview":"max-video-preview:-1"},"canonical":"https:\/\/womensportsfestival.es\/es\/politica-de-privacidad\/","og_locale":"es_ES","og_type":"article","og_title":"Pol\u00edtica de privacidad - Womens Sports Festival","og_description":"Informaci\u00f3n sobre la Protecci\u00f3n de Datos y Consentimiento De acuerdo con lo dispuesto en el Reglamento (UE) 2016\/679 del Parlamento Europeo y del Consejo, de 27 de abril de 2016, relativo a la protecci\u00f3n de las personas f\u00edsicas en cuanto al tratamiento de datos personales y la libre circulaci\u00f3n de estos datos (RGPD), le informamos &hellip; Seguir leyendo Pol\u00edtica de privacidad &rarr;","og_url":"https:\/\/womensportsfestival.es\/es\/politica-de-privacidad\/","og_site_name":"Womens Sports Festival","article_modified_time":"2024-10-01T05:13:57+00:00","twitter_card":"summary_large_image","twitter_misc":{"Tiempo de lectura":"2 minutos"},"schema":{"@context":"https:\/\/schema.org","@graph":[{"@type":"WebPage","@id":"https:\/\/womensportsfestival.es\/es\/politica-de-privacidad\/","url":"https:\/\/womensportsfestival.es\/es\/politica-de-privacidad\/","name":"Pol\u00edtica de privacidad - Womens Sports Festival","isPartOf":{"@id":"https:\/\/womensportsfestival.es\/#website"},"datePublished":"2024-09-24T16:17:50+00:00","dateModified":"2024-10-01T05:13:57+00:00","breadcrumb":{"@id":"https:\/\/womensportsfestival.es\/es\/politica-de-privacidad\/#breadcrumb"},"inLanguage":"es","potentialAction":[{"@type":"ReadAction","target":["https:\/\/womensportsfestival.es\/es\/politica-de-privacidad\/"]}]},{"@type":"BreadcrumbList","@id":"https:\/\/womensportsfestival.es\/es\/politica-de-privacidad\/#breadcrumb","itemListElement":[{"@type":"ListItem","position":1,"name":"Inici","item":"https:\/\/womensportsfestival.es\/"},{"@type":"ListItem","position":2,"name":"Pol\u00edtica de privacidad"}]},{"@type":"WebSite","@id":"https:\/\/womensportsfestival.es\/#website","url":"https:\/\/womensportsfestival.es\/","name":"Women's Sports Festival","description":"Futbol 7, p\u00e0del i b\u00e0squet en femen\u00ed. Esdeveniment esportiu per a dones.","publisher":{"@id":"https:\/\/womensportsfestival.es\/#organization"},"potentialAction":[{"@type":"SearchAction","target":{"@type":"EntryPoint","urlTemplate":"https:\/\/womensportsfestival.es\/?s={search_term_string}"},"query-input":{"@type":"PropertyValueSpecification","valueRequired":true,"valueName":"search_term_string"}}],"inLanguage":"es"},{"@type":"Organization","@id":"https:\/\/womensportsfestival.es\/#organization","name":"Women's Sports Festival","url":"https:\/\/womensportsfestival.es\/","logo":{"@type":"ImageObject","inLanguage":"es","@id":"https:\/\/womensportsfestival.es\/#\/schema\/logo\/image\/","url":"http:\/\/womensportsfestival.es\/wp-content\/uploads\/2024\/09\/cropped-womens-sports-5.png","contentUrl":"http:\/\/womensportsfestival.es\/wp-content\/uploads\/2024\/09\/cropped-womens-sports-5.png","width":512,"height":512,"caption":"Women's Sports Festival"},"image":{"@id":"https:\/\/womensportsfestival.es\/#\/schema\/logo\/image\/"},"sameAs":["https:\/\/www.instagram.com\/women_sports_festival\/"]}]}},"_links":{"self":[{"href":"https:\/\/womensportsfestival.es\/es\/wp-json\/wp\/v2\/pages\/5961","targetHints":{"allow":["GET"]}}],"collection":[{"href":"https:\/\/womensportsfestival.es\/es\/wp-json\/wp\/v2\/pages"}],"about":[{"href":"https:\/\/womensportsfestival.es\/es\/wp-json\/wp\/v2\/types\/page"}],"author":[{"embeddable":true,"href":"https:\/\/womensportsfestival.es\/es\/wp-json\/wp\/v2\/users\/1"}],"replies":[{"embeddable":true,"href":"https:\/\/womensportsfestival.es\/es\/wp-json\/wp\/v2\/comments?post=5961"}],"version-history":[{"count":1,"href":"https:\/\/womensportsfestival.es\/es\/wp-json\/wp\/v2\/pages\/5961\/revisions"}],"predecessor-version":[{"id":5962,"href":"https:\/\/womensportsfestival.es\/es\/wp-json\/wp\/v2\/pages\/5961\/revisions\/5962"}],"wp:attachment":[{"href":"https:\/\/womensportsfestival.es\/es\/wp-json\/wp\/v2\/media?parent=5961"}],"curies":[{"name":"wp","href":"https:\/\/api.w.org\/{rel}","templated":true}]}}